{"id":77,"date":"2023-05-24T13:12:07","date_gmt":"2023-05-24T13:12:07","guid":{"rendered":"https:\/\/themepanthers.com\/wp\/creote\/v-new\/?page_id=77"},"modified":"2024-12-28T20:42:36","modified_gmt":"2024-12-28T20:42:36","slug":"contacto","status":"publish","type":"page","link":"https:\/\/ttslatam.es\/en\/contacto\/","title":{"rendered":"Contact"},"content":{"rendered":"<div data-elementor-type=\"wp-page\" data-elementor-id=\"77\" class=\"elementor elementor-77\">\n\t\t\t\t\t\t<section class=\"elementor-section elementor-top-section elementor-element elementor-element-efe7969 elementor-section-boxed elementor-section-height-default elementor-section-height-default\" data-id=\"efe7969\" data-element_type=\"section\" data-e-type=\"section\">\n\t\t\t\t\t\t<div class=\"elementor-container elementor-column-gap-default\">\n\t\t\t\t\t<div class=\"elementor-column elementor-col-50 elementor-top-column elementor-element elementor-element-dca790f\" data-id=\"dca790f\" data-element_type=\"column\" data-e-type=\"column\">\n\t\t\t<div class=\"elementor-widget-wrap elementor-element-populated\">\n\t\t\t\t\t\t<div class=\"elementor-element elementor-element-2480814 elementor-widget elementor-widget-creote-contact-form-v1\" data-id=\"2480814\" data-element_type=\"widget\" data-e-type=\"widget\" data-widget_type=\"creote-contact-form-v1.default\">\n\t\t\t\t<div class=\"elementor-widget-container\">\n\t\t\t\t\t<section class=\"contact_form_box_all type_one\"  data-aos=\"fade-up\" data-aos-offset=\"0\" data-aos-delay=\"0\" >  <div class=\"contact_form_box_inner\"> <div class=\"contact_form_shortcode\">  \n<div class=\"wpcf7 no-js\" id=\"wpcf7-f5-o1\" lang=\"en-US\" dir=\"ltr\" data-wpcf7-id=\"5\">\n<div class=\"screen-reader-response\"><p role=\"status\" aria-live=\"polite\" aria-atomic=\"true\"><\/p> <ul><\/ul><\/div>\n<form action=\"\/en\/wp-json\/wp\/v2\/pages\/77#wpcf7-f5-o1\" method=\"post\" class=\"wpcf7-form init\" aria-label=\"Contact form\" novalidate=\"novalidate\" data-status=\"init\" data-trp-original-action=\"\/en\/wp-json\/wp\/v2\/pages\/77#wpcf7-f5-o1\">\n<fieldset class=\"hidden-fields-container\"><input type=\"hidden\" name=\"_wpcf7\" value=\"5\" \/><input type=\"hidden\" name=\"_wpcf7_version\" value=\"6.1.4\" \/><input type=\"hidden\" name=\"_wpcf7_locale\" value=\"en_US\" \/><input type=\"hidden\" name=\"_wpcf7_unit_tag\" value=\"wpcf7-f5-o1\" \/><input type=\"hidden\" name=\"_wpcf7_container_post\" value=\"0\" \/><input type=\"hidden\" name=\"_wpcf7_posted_data_hash\" value=\"\" \/>\n<\/fieldset>\n<p><label> Enter your name<br \/>\n<span class=\"wpcf7-form-control-wrap\" data-name=\"your-name\"><input size=\"40\" maxlength=\"400\" class=\"wpcf7-form-control wpcf7-text wpcf7-validates-as-required\" aria-required=\"true\" aria-invalid=\"false\" placeholder=\"Enter your name\" value=\"\" type=\"text\" name=\"your-name\" \/><\/span><br \/>\n<i class=\"fa fa-user\"><\/i><br \/>\n<\/label>\n<\/p>\n<p><label> E-mail<br \/>\n<span class=\"wpcf7-form-control-wrap\" data-name=\"your-email\"><input size=\"40\" maxlength=\"400\" class=\"wpcf7-form-control wpcf7-email wpcf7-validates-as-required wpcf7-text wpcf7-validates-as-email\" aria-required=\"true\" aria-invalid=\"false\" placeholder=\"Your mail\" value=\"\" type=\"email\" name=\"your-email\" \/><\/span><br \/>\n<i class=\"fa fa-envelope\"><\/i><br \/>\n<\/label>\n<\/p>\n<p><label> Subject<br \/>\n<span class=\"wpcf7-form-control-wrap\" data-name=\"your-subject\"><input size=\"40\" maxlength=\"400\" class=\"wpcf7-form-control wpcf7-text wpcf7-validates-as-required\" aria-required=\"true\" aria-invalid=\"false\" placeholder=\"Enter subject\" value=\"\" type=\"text\" name=\"your-subject\" \/><\/span><br \/>\n<i class=\"fa fa-folder\"><\/i><br \/>\n<\/label>\n<\/p>\n<p><label> Write a message<br \/>\n<span class=\"wpcf7-form-control-wrap\" data-name=\"your-message\"><textarea cols=\"40\" rows=\"10\" maxlength=\"2000\" class=\"wpcf7-form-control wpcf7-textarea\" aria-invalid=\"false\" placeholder=\"Write a message\" name=\"your-message\"><\/textarea><\/span><br \/>\n<i class=\"fa fa-comments\"><\/i><br \/>\n<\/label>\n<\/p>\n<p><input class=\"wpcf7-form-control wpcf7-submit has-spinner\" type=\"submit\" value=\"Send\" \/>\n<\/p><p style=\"display: none !important;\" class=\"akismet-fields-container\" data-prefix=\"_wpcf7_ak_\"><label>&#916;<textarea name=\"_wpcf7_ak_hp_textarea\" cols=\"45\" rows=\"8\" maxlength=\"100\"><\/textarea><\/label><input type=\"hidden\" id=\"ak_js_1\" name=\"_wpcf7_ak_js\" value=\"90\"\/><script>document.getElementById( \"ak_js_1\" ).setAttribute( \"value\", ( new Date() ).getTime() );<\/script><\/p><div class=\"wpcf7-response-output\" aria-hidden=\"true\"><\/div>\n<input type=\"hidden\" name=\"trp-form-language\" value=\"en\"\/><\/form>\n<\/div>\n  <\/div> <\/div> <\/section>\r\n\t\t\t\t<\/div>\n\t\t\t\t<\/div>\n\t\t\t\t\t<\/div>\n\t\t<\/div>\n\t\t\t\t<div class=\"elementor-column elementor-col-50 elementor-top-column elementor-element elementor-element-5d654ed\" data-id=\"5d654ed\" data-element_type=\"column\" data-e-type=\"column\">\n\t\t\t<div class=\"elementor-widget-wrap elementor-element-populated\">\n\t\t\t\t\t\t<div class=\"elementor-element elementor-element-03e0660 elementor-widget elementor-widget-creote-title-v1\" data-id=\"03e0660\" data-element_type=\"widget\" data-e-type=\"widget\" data-widget_type=\"creote-title-v1.default\">\n\t\t\t\t<div class=\"elementor-widget-container\">\n\t\t\t\t\t<div class=\"title_all_box style_one dark_color\">\r\n            <!-- Default title style -->\r\n        <div class=\"title_sections left\">\r\n                            <div class=\"before_title\">\r\n                    Contact information:                <\/div>\r\n                                        <div class=\"title\">\r\n                    Get in touch with our team of experts.                <\/div>\r\n                                        <p>Send a message through the provided form. If your inquiry is urgent, please use the contact information below.<\/p>\r\n                    <\/div>\r\n        <!-- End of default title style -->\r\n\r\n    <\/div>\r\n\t\t\t\t<\/div>\n\t\t\t\t<\/div>\n\t\t\t\t<div class=\"elementor-element elementor-element-83e33b0 elementor-widget elementor-widget-creote-contact-box-v1\" data-id=\"83e33b0\" data-element_type=\"widget\" data-e-type=\"widget\" data-widget_type=\"creote-contact-box-v1.default\">\n\t\t\t\t<div class=\"elementor-widget-container\">\n\t\t\t\t\t \r\n<div class=\"contact_box_content style_one\" \r\n     \r\n        data-aos=\"fade-up\" \r\n        data-aos-delay=\"0\" \r\n        data-aos-offset=\"0\" \r\n    >\r\n            <div class=\"contact_box_inner  icon_yes\">\r\n                            <div class=\"icon_bx\">\r\n                    <span class=\"icon-placeholder\"><\/span>\r\n                <\/div>\r\n                        <div class=\"contnet\">\r\n                                  <div class=\"contitle\">Address:<\/div>\r\n                                                    <p>Espa\u00f1a <br>\nMadrid - Colombia  <br>\nAvenida Juan Pablo II n\u00famero 8 Portal 4 Bajo A, 28320 Pinto Madrid<\/p>\r\n                            <\/div>\r\n        <\/div>\r\n    <\/div>\r\n\r\n\t\t\t\t<\/div>\n\t\t\t\t<\/div>\n\t\t\t\t<div class=\"elementor-element elementor-element-eb3e0de elementor-widget elementor-widget-creote-contact-box-v1\" data-id=\"eb3e0de\" data-element_type=\"widget\" data-e-type=\"widget\" data-widget_type=\"creote-contact-box-v1.default\">\n\t\t\t\t<div class=\"elementor-widget-container\">\n\t\t\t\t\t \r\n<div class=\"contact_box_content style_one\" \r\n     \r\n        data-aos=\"fade-up\" \r\n        data-aos-delay=\"0\" \r\n        data-aos-offset=\"0\" \r\n    >\r\n            <div class=\"contact_box_inner  icon_yes\">\r\n                            <div class=\"icon_bx\">\r\n                    <span class=\"icon-phone-call\"><\/span>\r\n                <\/div>\r\n                        <div class=\"contnet\">\r\n                                  <div class=\"contitle\">General inquiries<\/div>\r\n                                                    <p>Tel\u00e9fono +34 669 626713  &amp;  E-mail: admin@ttslatam.es<\/p>\r\n                            <\/div>\r\n        <\/div>\r\n    <\/div>\r\n\r\n\t\t\t\t<\/div>\n\t\t\t\t<\/div>\n\t\t\t\t<div class=\"elementor-element elementor-element-f64590e elementor-widget elementor-widget-creote-contact-box-v1\" data-id=\"f64590e\" data-element_type=\"widget\" data-e-type=\"widget\" data-widget_type=\"creote-contact-box-v1.default\">\n\t\t\t\t<div class=\"elementor-widget-container\">\n\t\t\t\t\t \r\n<div class=\"contact_box_content style_one\" \r\n     \r\n        data-aos=\"fade-up\" \r\n        data-aos-delay=\"0\" \r\n        data-aos-offset=\"0\" \r\n    >\r\n            <div class=\"contact_box_inner  icon_yes\">\r\n                            <div class=\"icon_bx\">\r\n                    <span class=\"icon-care\"><\/span>\r\n                <\/div>\r\n                        <div class=\"contnet\">\r\n                                  <div class=\"contitle\">Opening hours:<\/div>\r\n                                                    <p>Monday to Friday, 8:00 am to 5:00 pm<\/p>\r\n                            <\/div>\r\n        <\/div>\r\n    <\/div>\r\n\r\n\t\t\t\t<\/div>\n\t\t\t\t<\/div>\n\t\t\t\t<div class=\"elementor-element elementor-element-3d00b83 elementor-widget elementor-widget-creote-social-media-v1\" data-id=\"3d00b83\" data-element_type=\"widget\" data-e-type=\"widget\" data-widget_type=\"creote-social-media-v1.default\">\n\t\t\t\t<div class=\"elementor-widget-container\">\n\t\t\t\t\t<div class=\"social_media_v_one\"> <ul>  <li  data-aos=\"fade-up\" data-aos-delay=\"0\" data-aos-offset=\"0\" > <a href=\"https:\/\/www.facebook.com\/profile.php?id=100093838081234\"  > <span class=\"fab fa-facebook-square\"><\/span> <small>facebook<\/small> <\/a> <\/li>  <li  data-aos=\"fade-up\" data-aos-delay=\"0\" data-aos-offset=\"0\" > <a href=\"https:\/\/www.instagram.com\/ttslatam\/\"  > <span class=\"fab fa-instagram\"><\/span> <small>instagram<\/small> <\/a> <\/li>  <li  data-aos=\"fade-up\" data-aos-delay=\"0\" data-aos-offset=\"0\" > <a href=\"https:\/\/www.linkedin.com\/company\/ttslatam\"  > <span class=\"fab fa-linkedin\"><\/span> <small>Linkedin<\/small> <\/a> <\/li>  <\/ul><\/div>\r\n\t\t\t\t<\/div>\n\t\t\t\t<\/div>\n\t\t\t\t\t<\/div>\n\t\t<\/div>\n\t\t\t\t\t<\/div>\n\t\t<\/section>\n\t\t\t\t<section class=\"elementor-section elementor-top-section elementor-element elementor-element-2a2c0e4 elementor-section-boxed elementor-section-height-default elementor-section-height-default\" data-id=\"2a2c0e4\" data-element_type=\"section\" data-e-type=\"section\">\n\t\t\t\t\t\t<div class=\"elementor-container elementor-column-gap-default\">\n\t\t\t\t\t<div class=\"elementor-column elementor-col-100 elementor-top-column elementor-element elementor-element-35f7b49\" data-id=\"35f7b49\" data-element_type=\"column\" data-e-type=\"column\">\n\t\t\t<div class=\"elementor-widget-wrap elementor-element-populated\">\n\t\t\t\t\t\t<div class=\"elementor-element elementor-element-2040207 elementor-widget elementor-widget-google_maps\" data-id=\"2040207\" data-element_type=\"widget\" data-e-type=\"widget\" data-widget_type=\"google_maps.default\">\n\t\t\t\t<div class=\"elementor-widget-container\">\n\t\t\t\t\t\t\t<div class=\"elementor-custom-embed\">\n\t\t\t<iframe loading=\"lazy\"\n\t\t\t\t\tsrc=\"https:\/\/maps.google.com\/maps?q=Avenida%20Juan%20Pablo%20II%20n%C3%BAmero%208%20Portal%204%20Bajo%20A%2C%2028320%20Pinto%20Madrid&#038;t=m&#038;z=13&#038;output=embed&#038;iwloc=near\"\n\t\t\t\t\ttitle=\"Avenida Juan Pablo II n\u00famero 8 Portal 4 Bajo A, 28320 Pinto Madrid\"\n\t\t\t\t\taria-label=\"Avenida Juan Pablo II n\u00famero 8 Portal 4 Bajo A, 28320 Pinto Madrid\"\n\t\t\t><\/iframe>\n\t\t<\/div>\n\t\t\t\t\t\t<\/div>\n\t\t\t\t<\/div>\n\t\t\t\t\t<\/div>\n\t\t<\/div>\n\t\t\t\t\t<\/div>\n\t\t<\/section>\n\t\t\t\t<\/div>","protected":false},"excerpt":{"rendered":"<p>Ingresa tu nombre E-mail Asunto Escribe un mensaje &#916; Informaci\u00f3n de contacto Ponte en contacto con nuestro equipo de expertos Env\u00ede un mensaje a trav\u00e9s del formulario dado. Si su consulta es urgente, utilice los datos de contacto a continuaci\u00f3n. Direcci\u00f3n Espa\u00f1a Madrid &#8211; Colombia Avenida Juan Pablo II n\u00famero 8 Portal 4 Bajo A, [&hellip;]<\/p>","protected":false},"author":1,"featured_media":0,"parent":0,"menu_order":0,"comment_status":"closed","ping_status":"closed","template":"template-fullwidth.php","meta":{"content-type":"","_monsterinsights_skip_tracking":false,"_monsterinsights_sitenote_active":false,"_monsterinsights_sitenote_note":"","_monsterinsights_sitenote_category":0,"footnotes":""},"class_list":["post-77","page","type-page","status-publish","hentry"],"aioseo_notices":[],"_links":{"self":[{"href":"https:\/\/ttslatam.es\/en\/wp-json\/wp\/v2\/pages\/77","targetHints":{"allow":["GET"]}}],"collection":[{"href":"https:\/\/ttslatam.es\/en\/wp-json\/wp\/v2\/pages"}],"about":[{"href":"https:\/\/ttslatam.es\/en\/wp-json\/wp\/v2\/types\/page"}],"author":[{"embeddable":true,"href":"https:\/\/ttslatam.es\/en\/wp-json\/wp\/v2\/users\/1"}],"replies":[{"embeddable":true,"href":"https:\/\/ttslatam.es\/en\/wp-json\/wp\/v2\/comments?post=77"}],"version-history":[{"count":58,"href":"https:\/\/ttslatam.es\/en\/wp-json\/wp\/v2\/pages\/77\/revisions"}],"predecessor-version":[{"id":7549,"href":"https:\/\/ttslatam.es\/en\/wp-json\/wp\/v2\/pages\/77\/revisions\/7549"}],"wp:attachment":[{"href":"https:\/\/ttslatam.es\/en\/wp-json\/wp\/v2\/media?parent=77"}],"curies":[{"name":"wp","href":"https:\/\/api.w.org\/{rel}","templated":true}]}}